{"id":4602,"date":"2022-04-05T14:36:17","date_gmt":"2022-04-05T11:36:17","guid":{"rendered":"https:\/\/adrakoil.gr\/politique-de-confidentialite\/"},"modified":"2023-11-28T20:33:08","modified_gmt":"2023-11-28T18:33:08","slug":"politique-de-confidentialite","status":"publish","type":"page","link":"https:\/\/adrakoil.gr\/fr\/politique-de-confidentialite\/","title":{"rendered":"politique de confidentialit\u00e9"},"content":{"rendered":"\t\t<div data-elementor-type=\"wp-page\" data-elementor-id=\"4602\" class=\"elementor elementor-4602 elementor-3\" data-elementor-post-type=\"page\">\n\t\t\t\t<div class=\"elementor-element elementor-element-3457abc e-flex e-con-boxed e-con e-parent\" data-id=\"3457abc\" data-element_type=\"container\">\n\t\t\t\t\t<div class=\"e-con-inner\">\n\t\t\t\t<div class=\"elementor-element elementor-element-a68660c elementor-widget elementor-widget-heading\" data-id=\"a68660c\" data-element_type=\"widget\" data-widget_type=\"heading.default\">\n\t\t\t\t<div class=\"elementor-widget-container\">\n\t\t\t\t\t<h1 class=\"elementor-heading-title elementor-size-default\">politique de confidentialit\u00e9<\/h1>\t\t\t\t<\/div>\n\t\t\t\t<\/div>\n\t\t\t\t<div class=\"elementor-element elementor-element-52b84f7 elementor-widget elementor-widget-text-editor\" data-id=\"52b84f7\" data-element_type=\"widget\" data-widget_type=\"text-editor.default\">\n\t\t\t\t<div class=\"elementor-widget-container\">\n\t\t\t\t\t\t\t\t\t<div id=\"privacy-settings-accordion-block-wordpress\" class=\"privacy-settings-accordion-panel privacy-text-box-body hide-privacy-policy-tutorial\">\n<h2>Qui nous sommes<\/h2>\n<p>L&rsquo;adresse de la page est : https:\/\/adrakoil.gr.<\/p>\n<h2>commentaires<\/h2>\n<p>Lorsque les visiteurs laissent des commentaires sur le site, nous collectons les donn\u00e9es affich\u00e9es dans le formulaire de commentaire ainsi que l&rsquo;adresse IP du visiteur et la cha\u00eene d&rsquo;utilisateur du navigateur pour aider \u00e0 d\u00e9tecter le spam.<\/p>\n<p>Une cha\u00eene anonymis\u00e9e g\u00e9n\u00e9r\u00e9e \u00e0 partir de votre adresse e-mail (\u00e9galement appel\u00e9e \u00ab hachage \u00bb) peut \u00eatre fournie au service Gravatar pour voir si vous l&rsquo;utilisez. La politique de confidentialit\u00e9 du service Gravatar est disponible ici : https:\/\/automattic.com\/privacy\/. Une fois votre commentaire approuv\u00e9, votre photo de profil est visible publiquement dans votre zone de commentaire.<\/p>\n<h2>Multim\u00e9dia<\/h2>\n<p>Si vous t\u00e9l\u00e9chargez des images sur le site, vous devez \u00e9viter de t\u00e9l\u00e9charger des images avec des donn\u00e9es de localisation int\u00e9gr\u00e9es (EXIF GPS). Les visiteurs du site peuvent t\u00e9l\u00e9charger et extraire toutes les donn\u00e9es de localisation des images du site.<\/p>\n<h2>Cookies<\/h2>\n<p>Si vous laissez un commentaire sur notre site Internet, vous pouvez choisir d&rsquo;enregistrer votre nom, votre adresse email et votre site Internet dans des cookies. Ces informations sont destin\u00e9es \u00e0 votre commodit\u00e9 afin que vous n&rsquo;ayez pas \u00e0 remplir \u00e0 nouveau vos coordonn\u00e9es lorsque vous laissez un autre commentaire. Ces cookies dureront un an.<\/p>\n<p>Si vous disposez d&rsquo;un compte et que vous vous connectez au site, nous cr\u00e9erons un cookie temporaire pour d\u00e9terminer si votre navigateur accepte les cookies. Le cookie ne contient pas d&rsquo;informations personnelles et sera supprim\u00e9 d\u00e8s que vous fermerez votre navigateur.<\/p>\n<p>Lorsque vous vous connectez, nous cr\u00e9erons \u00e9galement divers cookies pour stocker vos informations de connexion et vos pr\u00e9f\u00e9rences d&rsquo;\u00e9cran. Les cookies de connexion durent deux jours et les cookies d\u2019options d\u2019\u00e9cran durent un an. Si vous s\u00e9lectionnez \u00ab Se souvenir de moi \u00bb, votre identifiant restera conserv\u00e9 pendant deux semaines. Si vous vous d\u00e9connectez de votre compte, les cookies de connexion seront supprim\u00e9s.<\/p>\n<p>Si vous modifiez ou publiez un article, un cookie suppl\u00e9mentaire sera stock\u00e9 dans le navigateur. Ce cookie ne contient aucune donn\u00e9e personnelle et indique simplement l&rsquo;identifiant de la publication de l&rsquo;article que vous venez de modifier. Expire apr\u00e8s 1 jour.<\/p>\n<h2>Contenu int\u00e9gr\u00e9 provenant d&rsquo;autres sites Web<\/h2>\n<p>Les articles de ce site Internet peuvent inclure du contenu int\u00e9gr\u00e9 (par exemple des vid\u00e9os, des images, des articles, etc.). Le contenu int\u00e9gr\u00e9 provenant d&rsquo;autres sites Web se comporte exactement de la m\u00eame mani\u00e8re que si le visiteur visitait l&rsquo;autre site Web.<\/p>\n<p>Ces sites peuvent collecter des donn\u00e9es sur vous, utiliser des cookies, int\u00e9grer un suivi tiers suppl\u00e9mentaire et suivre votre interaction avec le contenu inclus, y compris le suivi de votre interaction avec le contenu inclus si vous disposez d&rsquo;un compte et \u00eates connect\u00e9 \u00e0 ce site.<\/p>\n<h2>Avec qui partageons-nous vos donn\u00e9es<\/h2>\n<p>Si vous avez demand\u00e9 une r\u00e9initialisation de mot de passe, l&rsquo;adresse IP sera incluse dans l&rsquo;e-mail de r\u00e9initialisation.<\/p>\n<h2>Combien de temps conservons-nous vos donn\u00e9es<\/h2>\n<p>Si vous laissez un commentaire, le commentaire et ses m\u00e9tadonn\u00e9es sont conserv\u00e9s ind\u00e9finiment. Cela nous permet de reconna\u00eetre et d&rsquo;approuver automatiquement les commentaires qui suivent, plut\u00f4t que de les conserver dans une file de mod\u00e9ration.<\/p>\n<p>Pour les utilisateurs qui s&rsquo;inscrivent sur notre site Internet, nous stockons \u00e9galement les donn\u00e9es personnelles qu&rsquo;ils saisissent dans leur profil d&rsquo;utilisateur. Tous les utilisateurs peuvent consulter, modifier ou supprimer leurs donn\u00e9es personnelles \u00e0 tout moment (sauf la possibilit\u00e9 de modifier leur nom d&rsquo;utilisateur). Les administrateurs de ce site Web peuvent \u00e9galement consulter et modifier ces informations.<\/p>\n<h2>Quels droits avez-vous sur vos donn\u00e9es ?<\/h2>\n<p>Si vous avez un compte sur ce site Web ou si vous avez laiss\u00e9 des commentaires, vous pouvez demander \u00e0 recevoir un fichier extrait des donn\u00e9es personnelles que nous d\u00e9tenons \u00e0 votre sujet, y compris toutes les donn\u00e9es que vous nous avez fournies. Vous pouvez \u00e9galement demander que nous supprimions les donn\u00e9es personnelles que nous d\u00e9tenons \u00e0 votre sujet. Cela n&rsquo;inclut pas les donn\u00e9es que nous sommes tenus de conserver pour des raisons administratives, juridiques ou de s\u00e9curit\u00e9.<\/p>\n<h2>O\u00f9 vos donn\u00e9es sont envoy\u00e9es<\/h2>\n<p>Les commentaires des invit\u00e9s peuvent \u00eatre filtr\u00e9s via un syst\u00e8me de spam automatis\u00e9.<\/p>\n<div class=\"privacy-settings-accordion-actions\"> <\/div>\n<\/div>\t\t\t\t\t\t\t\t<\/div>\n\t\t\t\t<\/div>\n\t\t\t\t\t<\/div>\n\t\t\t\t<\/div>\n\t\t\t\t<\/div>\n\t\t","protected":false},"excerpt":{"rendered":"<p>Qui nous sommes L&rsquo;adresse de la page est : https:\/\/adrakoil.gr. commentaires Lorsque les visiteurs laissent des commentaires sur le site, nous collectons les donn\u00e9es affich\u00e9es dans le formulaire de commentaire ainsi que l&rsquo;adresse IP du visiteur et la cha\u00eene d&rsquo;utilisateur du navigateur pour aider \u00e0 d\u00e9tecter le spam. Une cha\u00eene anonymis\u00e9e g\u00e9n\u00e9r\u00e9e \u00e0 partir de [&hellip;]<\/p>\n","protected":false},"author":1,"featured_media":0,"parent":0,"menu_order":0,"comment_status":"closed","ping_status":"open","template":"","meta":{"footnotes":""},"class_list":["post-4602","page","type-page","status-publish","hentry"],"yoast_head":"<!-- This site is optimized with the Yoast SEO plugin v26.4 - https:\/\/yoast.com\/wordpress\/plugins\/seo\/ -->\n<title>politique de confidentialit\u00e9 - Adrakoil<\/title>\n<meta name=\"robots\" content=\"index, follow, max-snippet:-1, max-image-preview:large, max-video-preview:-1\" \/>\n<link rel=\"canonical\" href=\"https:\/\/adrakoil.gr\/fr\/politique-de-confidentialite\/\" \/>\n<meta property=\"og:locale\" content=\"fr_FR\" \/>\n<meta property=\"og:type\" content=\"article\" \/>\n<meta property=\"og:title\" content=\"politique de confidentialit\u00e9 - Adrakoil\" \/>\n<meta property=\"og:description\" content=\"Qui nous sommes L&rsquo;adresse de la page est : https:\/\/adrakoil.gr. commentaires Lorsque les visiteurs laissent des commentaires sur le site, nous collectons les donn\u00e9es affich\u00e9es dans le formulaire de commentaire ainsi que l&rsquo;adresse IP du visiteur et la cha\u00eene d&rsquo;utilisateur du navigateur pour aider \u00e0 d\u00e9tecter le spam. Une cha\u00eene anonymis\u00e9e g\u00e9n\u00e9r\u00e9e \u00e0 partir de [&hellip;]\" \/>\n<meta property=\"og:url\" content=\"https:\/\/adrakoil.gr\/fr\/politique-de-confidentialite\/\" \/>\n<meta property=\"og:site_name\" content=\"Adrakoil\" \/>\n<meta property=\"article:modified_time\" content=\"2023-11-28T18:33:08+00:00\" \/>\n<meta name=\"twitter:card\" content=\"summary_large_image\" \/>\n<meta name=\"twitter:label1\" content=\"Dur\u00e9e de lecture estim\u00e9e\" \/>\n\t<meta name=\"twitter:data1\" content=\"4 minutes\" \/>\n<script type=\"application\/ld+json\" class=\"yoast-schema-graph\">{\"@context\":\"https:\/\/schema.org\",\"@graph\":[{\"@type\":\"WebPage\",\"@id\":\"https:\/\/adrakoil.gr\/fr\/politique-de-confidentialite\/\",\"url\":\"https:\/\/adrakoil.gr\/fr\/politique-de-confidentialite\/\",\"name\":\"politique de confidentialit\u00e9 - Adrakoil\",\"isPartOf\":{\"@id\":\"https:\/\/adrakoil.gr\/fr\/#website\"},\"datePublished\":\"2022-04-05T11:36:17+00:00\",\"dateModified\":\"2023-11-28T18:33:08+00:00\",\"breadcrumb\":{\"@id\":\"https:\/\/adrakoil.gr\/fr\/politique-de-confidentialite\/#breadcrumb\"},\"inLanguage\":\"fr-FR\",\"potentialAction\":[{\"@type\":\"ReadAction\",\"target\":[\"https:\/\/adrakoil.gr\/fr\/politique-de-confidentialite\/\"]}]},{\"@type\":\"BreadcrumbList\",\"@id\":\"https:\/\/adrakoil.gr\/fr\/politique-de-confidentialite\/#breadcrumb\",\"itemListElement\":[{\"@type\":\"ListItem\",\"position\":1,\"name\":\"Home\",\"item\":\"https:\/\/adrakoil.gr\/fr\/page-daccueil\/\"},{\"@type\":\"ListItem\",\"position\":2,\"name\":\"politique de confidentialit\u00e9\"}]},{\"@type\":\"WebSite\",\"@id\":\"https:\/\/adrakoil.gr\/fr\/#website\",\"url\":\"https:\/\/adrakoil.gr\/fr\/\",\"name\":\"Adrakoil\",\"description\":\"Pest Control Services\",\"publisher\":{\"@id\":\"https:\/\/adrakoil.gr\/fr\/#organization\"},\"potentialAction\":[{\"@type\":\"SearchAction\",\"target\":{\"@type\":\"EntryPoint\",\"urlTemplate\":\"https:\/\/adrakoil.gr\/fr\/?s={search_term_string}\"},\"query-input\":{\"@type\":\"PropertyValueSpecification\",\"valueRequired\":true,\"valueName\":\"search_term_string\"}}],\"inLanguage\":\"fr-FR\"},{\"@type\":\"Organization\",\"@id\":\"https:\/\/adrakoil.gr\/fr\/#organization\",\"name\":\"\u0391\u03bd\u03c4\u03c1\u03b1\u03ba\u03bf\u03ca\u03bb \u0395\u03bb\u03bb\u03ac\u03c2\",\"url\":\"https:\/\/adrakoil.gr\/fr\/\",\"logo\":{\"@type\":\"ImageObject\",\"inLanguage\":\"fr-FR\",\"@id\":\"https:\/\/adrakoil.gr\/fr\/#\/schema\/logo\/image\/\",\"url\":\"https:\/\/adrakoil.gr\/wp-content\/uploads\/2022\/06\/cropped-Adrakoil-Logo-512.png\",\"contentUrl\":\"https:\/\/adrakoil.gr\/wp-content\/uploads\/2022\/06\/cropped-Adrakoil-Logo-512.png\",\"width\":512,\"height\":512,\"caption\":\"\u0391\u03bd\u03c4\u03c1\u03b1\u03ba\u03bf\u03ca\u03bb \u0395\u03bb\u03bb\u03ac\u03c2\"},\"image\":{\"@id\":\"https:\/\/adrakoil.gr\/fr\/#\/schema\/logo\/image\/\"}}]}<\/script>\n<!-- \/ Yoast SEO plugin. -->","yoast_head_json":{"title":"politique de confidentialit\u00e9 - Adrakoil","robots":{"index":"index","follow":"follow","max-snippet":"max-snippet:-1","max-image-preview":"max-image-preview:large","max-video-preview":"max-video-preview:-1"},"canonical":"https:\/\/adrakoil.gr\/fr\/politique-de-confidentialite\/","og_locale":"fr_FR","og_type":"article","og_title":"politique de confidentialit\u00e9 - Adrakoil","og_description":"Qui nous sommes L&rsquo;adresse de la page est : https:\/\/adrakoil.gr. commentaires Lorsque les visiteurs laissent des commentaires sur le site, nous collectons les donn\u00e9es affich\u00e9es dans le formulaire de commentaire ainsi que l&rsquo;adresse IP du visiteur et la cha\u00eene d&rsquo;utilisateur du navigateur pour aider \u00e0 d\u00e9tecter le spam. Une cha\u00eene anonymis\u00e9e g\u00e9n\u00e9r\u00e9e \u00e0 partir de [&hellip;]","og_url":"https:\/\/adrakoil.gr\/fr\/politique-de-confidentialite\/","og_site_name":"Adrakoil","article_modified_time":"2023-11-28T18:33:08+00:00","twitter_card":"summary_large_image","twitter_misc":{"Dur\u00e9e de lecture estim\u00e9e":"4 minutes"},"schema":{"@context":"https:\/\/schema.org","@graph":[{"@type":"WebPage","@id":"https:\/\/adrakoil.gr\/fr\/politique-de-confidentialite\/","url":"https:\/\/adrakoil.gr\/fr\/politique-de-confidentialite\/","name":"politique de confidentialit\u00e9 - Adrakoil","isPartOf":{"@id":"https:\/\/adrakoil.gr\/fr\/#website"},"datePublished":"2022-04-05T11:36:17+00:00","dateModified":"2023-11-28T18:33:08+00:00","breadcrumb":{"@id":"https:\/\/adrakoil.gr\/fr\/politique-de-confidentialite\/#breadcrumb"},"inLanguage":"fr-FR","potentialAction":[{"@type":"ReadAction","target":["https:\/\/adrakoil.gr\/fr\/politique-de-confidentialite\/"]}]},{"@type":"BreadcrumbList","@id":"https:\/\/adrakoil.gr\/fr\/politique-de-confidentialite\/#breadcrumb","itemListElement":[{"@type":"ListItem","position":1,"name":"Home","item":"https:\/\/adrakoil.gr\/fr\/page-daccueil\/"},{"@type":"ListItem","position":2,"name":"politique de confidentialit\u00e9"}]},{"@type":"WebSite","@id":"https:\/\/adrakoil.gr\/fr\/#website","url":"https:\/\/adrakoil.gr\/fr\/","name":"Adrakoil","description":"Pest Control Services","publisher":{"@id":"https:\/\/adrakoil.gr\/fr\/#organization"},"potentialAction":[{"@type":"SearchAction","target":{"@type":"EntryPoint","urlTemplate":"https:\/\/adrakoil.gr\/fr\/?s={search_term_string}"},"query-input":{"@type":"PropertyValueSpecification","valueRequired":true,"valueName":"search_term_string"}}],"inLanguage":"fr-FR"},{"@type":"Organization","@id":"https:\/\/adrakoil.gr\/fr\/#organization","name":"\u0391\u03bd\u03c4\u03c1\u03b1\u03ba\u03bf\u03ca\u03bb \u0395\u03bb\u03bb\u03ac\u03c2","url":"https:\/\/adrakoil.gr\/fr\/","logo":{"@type":"ImageObject","inLanguage":"fr-FR","@id":"https:\/\/adrakoil.gr\/fr\/#\/schema\/logo\/image\/","url":"https:\/\/adrakoil.gr\/wp-content\/uploads\/2022\/06\/cropped-Adrakoil-Logo-512.png","contentUrl":"https:\/\/adrakoil.gr\/wp-content\/uploads\/2022\/06\/cropped-Adrakoil-Logo-512.png","width":512,"height":512,"caption":"\u0391\u03bd\u03c4\u03c1\u03b1\u03ba\u03bf\u03ca\u03bb \u0395\u03bb\u03bb\u03ac\u03c2"},"image":{"@id":"https:\/\/adrakoil.gr\/fr\/#\/schema\/logo\/image\/"}}]}},"_links":{"self":[{"href":"https:\/\/adrakoil.gr\/fr\/wp-json\/wp\/v2\/pages\/4602","targetHints":{"allow":["GET"]}}],"collection":[{"href":"https:\/\/adrakoil.gr\/fr\/wp-json\/wp\/v2\/pages"}],"about":[{"href":"https:\/\/adrakoil.gr\/fr\/wp-json\/wp\/v2\/types\/page"}],"author":[{"embeddable":true,"href":"https:\/\/adrakoil.gr\/fr\/wp-json\/wp\/v2\/users\/1"}],"replies":[{"embeddable":true,"href":"https:\/\/adrakoil.gr\/fr\/wp-json\/wp\/v2\/comments?post=4602"}],"version-history":[{"count":1,"href":"https:\/\/adrakoil.gr\/fr\/wp-json\/wp\/v2\/pages\/4602\/revisions"}],"predecessor-version":[{"id":4603,"href":"https:\/\/adrakoil.gr\/fr\/wp-json\/wp\/v2\/pages\/4602\/revisions\/4603"}],"wp:attachment":[{"href":"https:\/\/adrakoil.gr\/fr\/wp-json\/wp\/v2\/media?parent=4602"}],"curies":[{"name":"wp","href":"https:\/\/api.w.org\/{rel}","templated":true}]}}