{"id":4565,"date":"2022-04-07T20:29:47","date_gmt":"2022-04-07T17:29:47","guid":{"rendered":"https:\/\/adrakoil.gr\/contact\/"},"modified":"2023-11-28T18:24:49","modified_gmt":"2023-11-28T16:24:49","slug":"contact","status":"publish","type":"page","link":"https:\/\/adrakoil.gr\/fr\/contact\/","title":{"rendered":"Contact"},"content":{"rendered":"\t\t<div data-elementor-type=\"wp-page\" data-elementor-id=\"4565\" class=\"elementor elementor-4565 elementor-404\" data-elementor-post-type=\"page\">\n\t\t\t\t<div class=\"elementor-element elementor-element-76cf262 e-flex e-con-boxed e-con e-parent\" data-id=\"76cf262\" data-element_type=\"container\" data-settings=\"{&quot;background_background&quot;:&quot;classic&quot;}\">\n\t\t\t\t\t<div class=\"e-con-inner\">\n\t\t<div class=\"elementor-element elementor-element-9f80fa4 e-con-full e-flex e-con e-child\" data-id=\"9f80fa4\" data-element_type=\"container\">\n\t\t\t\t<div class=\"elementor-element elementor-element-8c61eec elementor-widget elementor-widget-heading\" data-id=\"8c61eec\" data-element_type=\"widget\" data-widget_type=\"heading.default\">\n\t\t\t\t<div class=\"elementor-widget-container\">\n\t\t\t\t\t<h2 class=\"elementor-heading-title elementor-size-default\">Contact<\/h2>\t\t\t\t<\/div>\n\t\t\t\t<\/div>\n\t\t<div class=\"elementor-element elementor-element-4bb3a2b e-flex e-con-boxed e-con e-child\" data-id=\"4bb3a2b\" data-element_type=\"container\">\n\t\t\t\t\t<div class=\"e-con-inner\">\n\t\t\t\t<div class=\"elementor-element elementor-element-ebf5c25 elementor-widget__width-auto elementor-widget elementor-widget-heading\" data-id=\"ebf5c25\" data-element_type=\"widget\" data-widget_type=\"heading.default\">\n\t\t\t\t<div class=\"elementor-widget-container\">\n\t\t\t\t\t<p class=\"elementor-heading-title elementor-size-default\"><a href=\"\/\">Page d\u2019accueil \/<\/a><\/p>\t\t\t\t<\/div>\n\t\t\t\t<\/div>\n\t\t\t\t<div class=\"elementor-element elementor-element-c694e6c elementor-widget__width-auto elementor-widget elementor-widget-heading\" data-id=\"c694e6c\" data-element_type=\"widget\" data-widget_type=\"heading.default\">\n\t\t\t\t<div class=\"elementor-widget-container\">\n\t\t\t\t\t<p class=\"elementor-heading-title elementor-size-default\"><a href=\"https:\/\/adrakoil.gr\/fr\/contact\/\">Contact<\/a><\/p>\t\t\t\t<\/div>\n\t\t\t\t<\/div>\n\t\t\t\t\t<\/div>\n\t\t\t\t<\/div>\n\t\t\t\t<\/div>\n\t\t\t\t\t<\/div>\n\t\t\t\t<\/div>\n\t\t<div class=\"elementor-element elementor-element-741a871 e-con-full e-flex e-con e-parent\" data-id=\"741a871\" data-element_type=\"container\">\n\t\t<div class=\"elementor-element elementor-element-a2457c7 e-con-full e-flex e-con e-child\" data-id=\"a2457c7\" data-element_type=\"container\">\n\t\t\t\t<div class=\"elementor-element elementor-element-28abe9f elementor-widget elementor-widget-text-editor\" data-id=\"28abe9f\" data-element_type=\"widget\" data-widget_type=\"text-editor.default\">\n\t\t\t\t<div class=\"elementor-widget-container\">\n\t\t\t\t\t\t\t\t\t<p>Contact<\/p>\n\t\t\t\t\t\t\t\t<\/div>\n\t\t\t\t<\/div>\n\t\t\t\t<div class=\"elementor-element elementor-element-15b7a93 elementor-widget elementor-widget-heading\" data-id=\"15b7a93\" data-element_type=\"widget\" data-widget_type=\"heading.default\">\n\t\t\t\t<div class=\"elementor-widget-container\">\n\t\t\t\t\t<h3 class=\"elementor-heading-title elementor-size-default\">Coordonn\u00e9es<\/h3>\t\t\t\t<\/div>\n\t\t\t\t<\/div>\n\t\t\t\t<div class=\"elementor-element elementor-element-a707f93 elementor-view-framed elementor-shape-square elementor-position-left elementor-mobile-position-top elementor-widget elementor-widget-icon-box\" data-id=\"a707f93\" data-element_type=\"widget\" data-widget_type=\"icon-box.default\">\n\t\t\t\t<div class=\"elementor-widget-container\">\n\t\t\t\t\t\t\t<div class=\"elementor-icon-box-wrapper\">\n\n\t\t\t\t\t\t<div class=\"elementor-icon-box-icon\">\n\t\t\t\t<a href=\"https:\/\/goo.gl\/maps\/EDSpHsc9zTZBvpDc9\" target=\"_blank\" class=\"elementor-icon\" tabindex=\"-1\" aria-label=\"Nos bureaux\">\n\t\t\t\t<i aria-hidden=\"true\" class=\"fas fa-building\"><\/i>\t\t\t\t<\/a>\n\t\t\t<\/div>\n\t\t\t\n\t\t\t\t\t\t<div class=\"elementor-icon-box-content\">\n\n\t\t\t\t\t\t\t\t\t<h3 class=\"elementor-icon-box-title\">\n\t\t\t\t\t\t<a href=\"https:\/\/goo.gl\/maps\/EDSpHsc9zTZBvpDc9\" target=\"_blank\" >\n\t\t\t\t\t\t\tNos bureaux\t\t\t\t\t\t<\/a>\n\t\t\t\t\t<\/h3>\n\t\t\t\t\n\t\t\t\t\t\t\t\t\t<p class=\"elementor-icon-box-description\">\n\t\t\t\t\t\t98, rue Lenorman, Ath\u00e8nes 104 44\t\t\t\t\t<\/p>\n\t\t\t\t\n\t\t\t<\/div>\n\t\t\t\n\t\t<\/div>\n\t\t\t\t\t\t<\/div>\n\t\t\t\t<\/div>\n\t\t\t\t<div class=\"elementor-element elementor-element-fb8e3de elementor-view-framed elementor-shape-square elementor-position-left elementor-mobile-position-top elementor-widget elementor-widget-icon-box\" data-id=\"fb8e3de\" data-element_type=\"widget\" data-widget_type=\"icon-box.default\">\n\t\t\t\t<div class=\"elementor-widget-container\">\n\t\t\t\t\t\t\t<div class=\"elementor-icon-box-wrapper\">\n\n\t\t\t\t\t\t<div class=\"elementor-icon-box-icon\">\n\t\t\t\t<a href=\"tel:+302105135710\" class=\"elementor-icon\" tabindex=\"-1\" aria-label=\"Centre d&#039;appels\">\n\t\t\t\t<i aria-hidden=\"true\" class=\"fas fa-phone-alt\"><\/i>\t\t\t\t<\/a>\n\t\t\t<\/div>\n\t\t\t\n\t\t\t\t\t\t<div class=\"elementor-icon-box-content\">\n\n\t\t\t\t\t\t\t\t\t<h3 class=\"elementor-icon-box-title\">\n\t\t\t\t\t\t<a href=\"tel:+302105135710\" >\n\t\t\t\t\t\t\tCentre d'appels\t\t\t\t\t\t<\/a>\n\t\t\t\t\t<\/h3>\n\t\t\t\t\n\t\t\t\t\t\t\t\t\t<p class=\"elementor-icon-box-description\">\n\t\t\t\t\t\t210 51 35 710\n(10 \u0393\u03c1\u03b1\u03bc\u03bc\u03ad\u03c2)\n\t\t\t\t\t<\/p>\n\t\t\t\t\n\t\t\t<\/div>\n\t\t\t\n\t\t<\/div>\n\t\t\t\t\t\t<\/div>\n\t\t\t\t<\/div>\n\t\t\t\t<div class=\"elementor-element elementor-element-5808228 elementor-view-framed elementor-shape-square elementor-position-left elementor-mobile-position-top elementor-widget elementor-widget-icon-box\" data-id=\"5808228\" data-element_type=\"widget\" data-widget_type=\"icon-box.default\">\n\t\t\t\t<div class=\"elementor-widget-container\">\n\t\t\t\t\t\t\t<div class=\"elementor-icon-box-wrapper\">\n\n\t\t\t\t\t\t<div class=\"elementor-icon-box-icon\">\n\t\t\t\t<a href=\"mailto:info@adrakoil.gr\" class=\"elementor-icon\" tabindex=\"-1\" aria-label=\"Courriel\">\n\t\t\t\t<i aria-hidden=\"true\" class=\"fas fa-envelope-open-text\"><\/i>\t\t\t\t<\/a>\n\t\t\t<\/div>\n\t\t\t\n\t\t\t\t\t\t<div class=\"elementor-icon-box-content\">\n\n\t\t\t\t\t\t\t\t\t<h3 class=\"elementor-icon-box-title\">\n\t\t\t\t\t\t<a href=\"mailto:info@adrakoil.gr\" >\n\t\t\t\t\t\t\tCourriel\t\t\t\t\t\t<\/a>\n\t\t\t\t\t<\/h3>\n\t\t\t\t\n\t\t\t\t\t\t\t\t\t<p class=\"elementor-icon-box-description\">\n\t\t\t\t\t\tinfo@adrakoil.gr\n\t\t\t\t\t<\/p>\n\t\t\t\t\n\t\t\t<\/div>\n\t\t\t\n\t\t<\/div>\n\t\t\t\t\t\t<\/div>\n\t\t\t\t<\/div>\n\t\t\t\t<\/div>\n\t\t<div class=\"elementor-element elementor-element-f7e3fce e-con-full e-flex e-con e-child\" data-id=\"f7e3fce\" data-element_type=\"container\">\n\t\t\t\t<div class=\"elementor-element elementor-element-5522c2f elementor-widget elementor-widget-heading\" data-id=\"5522c2f\" data-element_type=\"widget\" data-widget_type=\"heading.default\">\n\t\t\t\t<div class=\"elementor-widget-container\">\n\t\t\t\t\t<h3 class=\"elementor-heading-title elementor-size-default\">Remplissez le formulaire<\/h3>\t\t\t\t<\/div>\n\t\t\t\t<\/div>\n\t\t\t\t<div class=\"elementor-element elementor-element-089c1b5 elementor-button-align-stretch elementor-widget elementor-widget-form\" data-id=\"089c1b5\" data-element_type=\"widget\" data-settings=\"{&quot;step_next_label&quot;:&quot;Suivant&quot;,&quot;step_previous_label&quot;:&quot;Pr\\u00e9c\\u00e9dent&quot;,&quot;button_width&quot;:&quot;100&quot;,&quot;step_type&quot;:&quot;number_text&quot;,&quot;step_icon_shape&quot;:&quot;circle&quot;}\" data-widget_type=\"form.default\">\n\t\t\t\t<div class=\"elementor-widget-container\">\n\t\t\t\t\t\t\t<form class=\"elementor-form\" method=\"post\" name=\"Nouvelle forme\" aria-label=\"Nouvelle forme\">\n\t\t\t<input type=\"hidden\" name=\"post_id\" value=\"4565\"\/>\n\t\t\t<input type=\"hidden\" name=\"form_id\" value=\"089c1b5\"\/>\n\t\t\t<input type=\"hidden\" name=\"referer_title\" value=\"Contact - Adrakoil\" \/>\n\n\t\t\t\t\t\t\t<input type=\"hidden\" name=\"queried_id\" value=\"4565\"\/>\n\t\t\t\n\t\t\t<div class=\"elementor-form-fields-wrapper elementor-labels-above\">\n\t\t\t\t\t\t\t\t<div class=\"elementor-field-type-text elementor-field-group elementor-column elementor-field-group-name elementor-col-100\">\n\t\t\t\t\t\t\t\t\t\t\t\t<label for=\"form-field-name\" class=\"elementor-field-label\">\n\t\t\t\t\t\t\t\tNom et pr\u00e9nom\t\t\t\t\t\t\t<\/label>\n\t\t\t\t\t\t\t\t\t\t\t\t\t\t<input size=\"1\" type=\"text\" name=\"form_fields[name]\" id=\"form-field-name\" class=\"elementor-field elementor-size-sm  elementor-field-textual\">\n\t\t\t\t\t\t\t\t\t\t\t<\/div>\n\t\t\t\t\t\t\t\t<div class=\"elementor-field-type-email elementor-field-group elementor-column elementor-field-group-email elementor-col-100 elementor-field-required\">\n\t\t\t\t\t\t\t\t\t\t\t\t<label for=\"form-field-email\" class=\"elementor-field-label\">\n\t\t\t\t\t\t\t\tCourriel\t\t\t\t\t\t\t<\/label>\n\t\t\t\t\t\t\t\t\t\t\t\t\t\t<input size=\"1\" type=\"email\" name=\"form_fields[email]\" id=\"form-field-email\" class=\"elementor-field elementor-size-sm  elementor-field-textual\" required=\"required\">\n\t\t\t\t\t\t\t\t\t\t\t<\/div>\n\t\t\t\t\t\t\t\t<div class=\"elementor-field-type-textarea elementor-field-group elementor-column elementor-field-group-message elementor-col-100\">\n\t\t\t\t\t\t\t\t\t\t\t\t<label for=\"form-field-message\" class=\"elementor-field-label\">\n\t\t\t\t\t\t\t\tMessage\t\t\t\t\t\t\t<\/label>\n\t\t\t\t\t\t<textarea class=\"elementor-field-textual elementor-field  elementor-size-sm\" name=\"form_fields[message]\" id=\"form-field-message\" rows=\"4\"><\/textarea>\t\t\t\t<\/div>\n\t\t\t\t\t\t\t\t<div class=\"elementor-field-type-acceptance elementor-field-group elementor-column elementor-field-group-field_23a4dfb elementor-col-100 elementor-field-required\">\n\t\t\t\t\t\t\t<div class=\"elementor-field-subgroup\">\n\t\t\t<span class=\"elementor-field-option\">\n\t\t\t\t<input type=\"checkbox\" name=\"form_fields[field_23a4dfb]\" id=\"form-field-field_23a4dfb\" class=\"elementor-field elementor-size-sm  elementor-acceptance-field\" required=\"required\">\n\t\t\t\t<label for=\"form-field-field_23a4dfb\">J'accepte les <a href=\"https:\/\/adrakoil.gr\/%cf%8c%cf%81%ce%bf%ce%b9-%ce%ba%ce%b1%ce%b9-%cf%80%cf%81%ce%bf%cf%8b%cf%80%ce%bf%ce%b8%ce%ad%cf%83%ce%b5%ce%b9%cf%82\/\" target=\"_blank\">modalit\u00e9s et les conditions<\/a> ainsi que <a href=\"https:\/\/adrakoil.gr\/privacy-policy\/\" target=\"_blank\">la politique de confidentialit\u00e9<\/a><\/label>\t\t\t<\/span>\n\t\t<\/div>\n\t\t\t\t\t\t<\/div>\n\t\t\t\t\t\t\t\t<div class=\"elementor-field-type-recaptcha_v3 elementor-field-group elementor-column elementor-field-group-recaptcha elementor-col-100 recaptcha_v3-bottomleft\">\n\t\t\t\t\t<div class=\"elementor-field\" id=\"form-field-recaptcha\"><div class=\"elementor-g-recaptcha\" data-sitekey=\"6LfmurYgAAAAAEEiLfy-rNTCQisBX6wA1cIccl-o\" data-type=\"v3\" data-action=\"Form\" data-badge=\"bottomleft\" data-size=\"invisible\"><\/div><\/div>\t\t\t\t<\/div>\n\t\t\t\t\t\t\t\t<div class=\"elementor-field-group elementor-column elementor-field-type-submit elementor-col-100 e-form__buttons\">\n\t\t\t\t\t<button class=\"elementor-button elementor-size-sm\" type=\"submit\">\n\t\t\t\t\t\t<span class=\"elementor-button-content-wrapper\">\n\t\t\t\t\t\t\t\t\t\t\t\t\t\t\t\t\t\t\t\t\t\t<span class=\"elementor-button-text\">Envoi<\/span>\n\t\t\t\t\t\t\t\t\t\t\t\t\t<\/span>\n\t\t\t\t\t<\/button>\n\t\t\t\t<\/div>\n\t\t\t<\/div>\n\t\t<\/form>\n\t\t\t\t\t\t<\/div>\n\t\t\t\t<\/div>\n\t\t\t\t<\/div>\n\t\t\t\t<\/div>\n\t\t<div class=\"elementor-element elementor-element-7ad42f2 e-con-full e-flex e-con e-parent\" data-id=\"7ad42f2\" data-element_type=\"container\">\n\t\t<div class=\"elementor-element elementor-element-34ef3b7 e-con-full e-flex e-con e-child\" data-id=\"34ef3b7\" data-element_type=\"container\">\n\t\t\t\t<div class=\"elementor-element elementor-element-dcb1412 elementor-widget elementor-widget-google_maps\" data-id=\"dcb1412\" data-element_type=\"widget\" data-widget_type=\"google_maps.default\">\n\t\t\t\t<div class=\"elementor-widget-container\">\n\t\t\t\t\t\t\t<div class=\"elementor-custom-embed\">\n\t\t\t<iframe loading=\"lazy\"\n\t\t\t\t\tsrc=\"https:\/\/maps.google.com\/maps?q=%CE%BB%CE%B5%CE%BF%CE%BD%CF%81%CE%BC%CE%B1%CE%BB%2098&#038;t=m&#038;z=18&#038;output=embed&#038;iwloc=near\"\n\t\t\t\t\ttitle=\"\u03bb\u03b5\u03bf\u03bd\u03c1\u03bc\u03b1\u03bb 98\"\n\t\t\t\t\taria-label=\"\u03bb\u03b5\u03bf\u03bd\u03c1\u03bc\u03b1\u03bb 98\"\n\t\t\t><\/iframe>\n\t\t<\/div>\n\t\t\t\t\t\t<\/div>\n\t\t\t\t<\/div>\n\t\t\t\t<\/div>\n\t\t\t\t<\/div>\n\t\t\t\t<\/div>\n\t\t","protected":false},"excerpt":{"rendered":"<p>Page d\u2019accueil \/ Contact Coordonn\u00e9es Nos bureaux 98, rue Lenorman, Ath\u00e8nes 104 44 Centre d&rsquo;appels 210 51 35 710 (10 \u0393\u03c1\u03b1\u03bc\u03bc\u03ad\u03c2) Courriel info@adrakoil.gr Remplissez le formulaire<\/p>\n","protected":false},"author":1,"featured_media":4530,"parent":0,"menu_order":0,"comment_status":"closed","ping_status":"closed","template":"","meta":{"footnotes":""},"class_list":["post-4565","page","type-page","status-publish","has-post-thumbnail","hentry"],"yoast_head":"<!-- This site is optimized with the Yoast SEO plugin v26.4 - https:\/\/yoast.com\/wordpress\/plugins\/seo\/ -->\n<title>Contact - Adrakoil<\/title>\n<meta name=\"description\" content=\"Contact Adrakoil : Contactez-nous en ligne, par e-mail \u00e0 info@adrakoil.gr ou par t\u00e9l\u00e9phone au 2105136627 T\u00e9l\u00e9phone Adrakoil\" \/>\n<meta name=\"robots\" content=\"index, follow, max-snippet:-1, max-image-preview:large, max-video-preview:-1\" \/>\n<link rel=\"canonical\" href=\"https:\/\/adrakoil.gr\/fr\/contact\/\" \/>\n<meta property=\"og:locale\" content=\"fr_FR\" \/>\n<meta property=\"og:type\" content=\"article\" \/>\n<meta property=\"og:title\" content=\"Contact - Adrakoil\" \/>\n<meta property=\"og:description\" content=\"Contact Adrakoil : Contactez-nous en ligne, par e-mail \u00e0 info@adrakoil.gr ou par t\u00e9l\u00e9phone au 2105136627 T\u00e9l\u00e9phone Adrakoil\" \/>\n<meta property=\"og:url\" content=\"https:\/\/adrakoil.gr\/fr\/contact\/\" \/>\n<meta property=\"og:site_name\" content=\"Adrakoil\" \/>\n<meta property=\"article:modified_time\" content=\"2023-11-28T16:24:49+00:00\" \/>\n<meta property=\"og:image\" content=\"https:\/\/adrakoil.gr\/wp-content\/uploads\/2022\/06\/cropped-Adrakoil-Logo-512.png\" \/>\n\t<meta property=\"og:image:width\" content=\"512\" \/>\n\t<meta property=\"og:image:height\" content=\"512\" \/>\n\t<meta property=\"og:image:type\" content=\"image\/png\" \/>\n<meta name=\"twitter:card\" content=\"summary_large_image\" \/>\n<script type=\"application\/ld+json\" class=\"yoast-schema-graph\">{\"@context\":\"https:\/\/schema.org\",\"@graph\":[{\"@type\":\"WebPage\",\"@id\":\"https:\/\/adrakoil.gr\/fr\/contact\/\",\"url\":\"https:\/\/adrakoil.gr\/fr\/contact\/\",\"name\":\"Contact - Adrakoil\",\"isPartOf\":{\"@id\":\"https:\/\/adrakoil.gr\/fr\/#website\"},\"primaryImageOfPage\":{\"@id\":\"https:\/\/adrakoil.gr\/fr\/contact\/#primaryimage\"},\"image\":{\"@id\":\"https:\/\/adrakoil.gr\/fr\/contact\/#primaryimage\"},\"thumbnailUrl\":\"https:\/\/adrakoil.gr\/wp-content\/uploads\/2022\/06\/cropped-Adrakoil-Logo-512.png\",\"datePublished\":\"2022-04-07T17:29:47+00:00\",\"dateModified\":\"2023-11-28T16:24:49+00:00\",\"description\":\"Contact Adrakoil : Contactez-nous en ligne, par e-mail \u00e0 info@adrakoil.gr ou par t\u00e9l\u00e9phone au 2105136627 T\u00e9l\u00e9phone Adrakoil\",\"breadcrumb\":{\"@id\":\"https:\/\/adrakoil.gr\/fr\/contact\/#breadcrumb\"},\"inLanguage\":\"fr-FR\",\"potentialAction\":[{\"@type\":\"ReadAction\",\"target\":[\"https:\/\/adrakoil.gr\/fr\/contact\/\"]}]},{\"@type\":\"ImageObject\",\"inLanguage\":\"fr-FR\",\"@id\":\"https:\/\/adrakoil.gr\/fr\/contact\/#primaryimage\",\"url\":\"https:\/\/adrakoil.gr\/wp-content\/uploads\/2022\/06\/cropped-Adrakoil-Logo-512.png\",\"contentUrl\":\"https:\/\/adrakoil.gr\/wp-content\/uploads\/2022\/06\/cropped-Adrakoil-Logo-512.png\",\"width\":512,\"height\":512},{\"@type\":\"BreadcrumbList\",\"@id\":\"https:\/\/adrakoil.gr\/fr\/contact\/#breadcrumb\",\"itemListElement\":[{\"@type\":\"ListItem\",\"position\":1,\"name\":\"Home\",\"item\":\"https:\/\/adrakoil.gr\/fr\/page-daccueil\/\"},{\"@type\":\"ListItem\",\"position\":2,\"name\":\"Contact\"}]},{\"@type\":\"WebSite\",\"@id\":\"https:\/\/adrakoil.gr\/fr\/#website\",\"url\":\"https:\/\/adrakoil.gr\/fr\/\",\"name\":\"Adrakoil\",\"description\":\"Pest Control Services\",\"publisher\":{\"@id\":\"https:\/\/adrakoil.gr\/fr\/#organization\"},\"potentialAction\":[{\"@type\":\"SearchAction\",\"target\":{\"@type\":\"EntryPoint\",\"urlTemplate\":\"https:\/\/adrakoil.gr\/fr\/?s={search_term_string}\"},\"query-input\":{\"@type\":\"PropertyValueSpecification\",\"valueRequired\":true,\"valueName\":\"search_term_string\"}}],\"inLanguage\":\"fr-FR\"},{\"@type\":\"Organization\",\"@id\":\"https:\/\/adrakoil.gr\/fr\/#organization\",\"name\":\"\u0391\u03bd\u03c4\u03c1\u03b1\u03ba\u03bf\u03ca\u03bb \u0395\u03bb\u03bb\u03ac\u03c2\",\"url\":\"https:\/\/adrakoil.gr\/fr\/\",\"logo\":{\"@type\":\"ImageObject\",\"inLanguage\":\"fr-FR\",\"@id\":\"https:\/\/adrakoil.gr\/fr\/#\/schema\/logo\/image\/\",\"url\":\"https:\/\/adrakoil.gr\/wp-content\/uploads\/2022\/06\/cropped-Adrakoil-Logo-512.png\",\"contentUrl\":\"https:\/\/adrakoil.gr\/wp-content\/uploads\/2022\/06\/cropped-Adrakoil-Logo-512.png\",\"width\":512,\"height\":512,\"caption\":\"\u0391\u03bd\u03c4\u03c1\u03b1\u03ba\u03bf\u03ca\u03bb \u0395\u03bb\u03bb\u03ac\u03c2\"},\"image\":{\"@id\":\"https:\/\/adrakoil.gr\/fr\/#\/schema\/logo\/image\/\"}}]}<\/script>\n<!-- \/ Yoast SEO plugin. -->","yoast_head_json":{"title":"Contact - Adrakoil","description":"Contact Adrakoil : Contactez-nous en ligne, par e-mail \u00e0 info@adrakoil.gr ou par t\u00e9l\u00e9phone au 2105136627 T\u00e9l\u00e9phone Adrakoil","robots":{"index":"index","follow":"follow","max-snippet":"max-snippet:-1","max-image-preview":"max-image-preview:large","max-video-preview":"max-video-preview:-1"},"canonical":"https:\/\/adrakoil.gr\/fr\/contact\/","og_locale":"fr_FR","og_type":"article","og_title":"Contact - Adrakoil","og_description":"Contact Adrakoil : Contactez-nous en ligne, par e-mail \u00e0 info@adrakoil.gr ou par t\u00e9l\u00e9phone au 2105136627 T\u00e9l\u00e9phone Adrakoil","og_url":"https:\/\/adrakoil.gr\/fr\/contact\/","og_site_name":"Adrakoil","article_modified_time":"2023-11-28T16:24:49+00:00","og_image":[{"width":512,"height":512,"url":"https:\/\/adrakoil.gr\/wp-content\/uploads\/2022\/06\/cropped-Adrakoil-Logo-512.png","type":"image\/png"}],"twitter_card":"summary_large_image","schema":{"@context":"https:\/\/schema.org","@graph":[{"@type":"WebPage","@id":"https:\/\/adrakoil.gr\/fr\/contact\/","url":"https:\/\/adrakoil.gr\/fr\/contact\/","name":"Contact - Adrakoil","isPartOf":{"@id":"https:\/\/adrakoil.gr\/fr\/#website"},"primaryImageOfPage":{"@id":"https:\/\/adrakoil.gr\/fr\/contact\/#primaryimage"},"image":{"@id":"https:\/\/adrakoil.gr\/fr\/contact\/#primaryimage"},"thumbnailUrl":"https:\/\/adrakoil.gr\/wp-content\/uploads\/2022\/06\/cropped-Adrakoil-Logo-512.png","datePublished":"2022-04-07T17:29:47+00:00","dateModified":"2023-11-28T16:24:49+00:00","description":"Contact Adrakoil : Contactez-nous en ligne, par e-mail \u00e0 info@adrakoil.gr ou par t\u00e9l\u00e9phone au 2105136627 T\u00e9l\u00e9phone Adrakoil","breadcrumb":{"@id":"https:\/\/adrakoil.gr\/fr\/contact\/#breadcrumb"},"inLanguage":"fr-FR","potentialAction":[{"@type":"ReadAction","target":["https:\/\/adrakoil.gr\/fr\/contact\/"]}]},{"@type":"ImageObject","inLanguage":"fr-FR","@id":"https:\/\/adrakoil.gr\/fr\/contact\/#primaryimage","url":"https:\/\/adrakoil.gr\/wp-content\/uploads\/2022\/06\/cropped-Adrakoil-Logo-512.png","contentUrl":"https:\/\/adrakoil.gr\/wp-content\/uploads\/2022\/06\/cropped-Adrakoil-Logo-512.png","width":512,"height":512},{"@type":"BreadcrumbList","@id":"https:\/\/adrakoil.gr\/fr\/contact\/#breadcrumb","itemListElement":[{"@type":"ListItem","position":1,"name":"Home","item":"https:\/\/adrakoil.gr\/fr\/page-daccueil\/"},{"@type":"ListItem","position":2,"name":"Contact"}]},{"@type":"WebSite","@id":"https:\/\/adrakoil.gr\/fr\/#website","url":"https:\/\/adrakoil.gr\/fr\/","name":"Adrakoil","description":"Pest Control Services","publisher":{"@id":"https:\/\/adrakoil.gr\/fr\/#organization"},"potentialAction":[{"@type":"SearchAction","target":{"@type":"EntryPoint","urlTemplate":"https:\/\/adrakoil.gr\/fr\/?s={search_term_string}"},"query-input":{"@type":"PropertyValueSpecification","valueRequired":true,"valueName":"search_term_string"}}],"inLanguage":"fr-FR"},{"@type":"Organization","@id":"https:\/\/adrakoil.gr\/fr\/#organization","name":"\u0391\u03bd\u03c4\u03c1\u03b1\u03ba\u03bf\u03ca\u03bb \u0395\u03bb\u03bb\u03ac\u03c2","url":"https:\/\/adrakoil.gr\/fr\/","logo":{"@type":"ImageObject","inLanguage":"fr-FR","@id":"https:\/\/adrakoil.gr\/fr\/#\/schema\/logo\/image\/","url":"https:\/\/adrakoil.gr\/wp-content\/uploads\/2022\/06\/cropped-Adrakoil-Logo-512.png","contentUrl":"https:\/\/adrakoil.gr\/wp-content\/uploads\/2022\/06\/cropped-Adrakoil-Logo-512.png","width":512,"height":512,"caption":"\u0391\u03bd\u03c4\u03c1\u03b1\u03ba\u03bf\u03ca\u03bb \u0395\u03bb\u03bb\u03ac\u03c2"},"image":{"@id":"https:\/\/adrakoil.gr\/fr\/#\/schema\/logo\/image\/"}}]}},"_links":{"self":[{"href":"https:\/\/adrakoil.gr\/fr\/wp-json\/wp\/v2\/pages\/4565","targetHints":{"allow":["GET"]}}],"collection":[{"href":"https:\/\/adrakoil.gr\/fr\/wp-json\/wp\/v2\/pages"}],"about":[{"href":"https:\/\/adrakoil.gr\/fr\/wp-json\/wp\/v2\/types\/page"}],"author":[{"embeddable":true,"href":"https:\/\/adrakoil.gr\/fr\/wp-json\/wp\/v2\/users\/1"}],"replies":[{"embeddable":true,"href":"https:\/\/adrakoil.gr\/fr\/wp-json\/wp\/v2\/comments?post=4565"}],"version-history":[{"count":1,"href":"https:\/\/adrakoil.gr\/fr\/wp-json\/wp\/v2\/pages\/4565\/revisions"}],"predecessor-version":[{"id":4566,"href":"https:\/\/adrakoil.gr\/fr\/wp-json\/wp\/v2\/pages\/4565\/revisions\/4566"}],"wp:featuredmedia":[{"embeddable":true,"href":"https:\/\/adrakoil.gr\/fr\/wp-json\/wp\/v2\/media\/4530"}],"wp:attachment":[{"href":"https:\/\/adrakoil.gr\/fr\/wp-json\/wp\/v2\/media?parent=4565"}],"curies":[{"name":"wp","href":"https:\/\/api.w.org\/{rel}","templated":true}]}}